{"id":50,"date":"2025-02-17T15:57:34","date_gmt":"2025-02-17T15:57:34","guid":{"rendered":"https:\/\/pensamospublicidad.com\/?page_id=50"},"modified":"2025-02-25T20:51:22","modified_gmt":"2025-02-25T20:51:22","slug":"empleo","status":"publish","type":"page","link":"https:\/\/pensamospublicidad.com\/en\/empleo\/","title":{"rendered":"Work"},"content":{"rendered":"<div class=\"wp-block-uagb-container uagb-block-e56714d1 alignfull uagb-is-root-container\"><div class=\"uagb-container-inner-blocks-wrap\">\n<div class=\"wp-block-uagb-info-box uagb-block-d4034274 uagb-infobox__content-wrap  uagb-infobox-icon-above-title uagb-infobox-image-valign-top\"><div class=\"uagb-ifb-content\"><div class=\"uagb-ifb-title-wrap\"><h4 class=\"uagb-ifb-title-prefix\">Are you looking for work?<\/h4><div class=\"uagb-ifb-separator\"><\/div><h1 class=\"uagb-ifb-title\">Join our team at <em>Pensamos Publicidad<\/em>!<\/h1><\/div><\/div><\/div>\n<\/div><\/div>\n\n\n\n<div class=\"wp-block-uagb-container uagb-block-f1b40df9 alignfull uagb-is-root-container\"><div class=\"uagb-container-inner-blocks-wrap\">\n<div class=\"wp-block-uagb-container uagb-block-0efd34ab\">\n<div class=\"wp-block-uagb-info-box uagb-block-bf8dd6c9 uagb-infobox__content-wrap  uagb-infobox-icon-above-title uagb-infobox-image-valign-top\"><div class=\"uagb-ifb-content\"><div class=\"uagb-ifb-title-wrap\"><h2 class=\"uagb-ifb-title\">Work with us<\/h2><\/div><div class=\"uagb-ifb-separator\"><\/div><\/div><\/div>\n\n\n\n<div class=\"wp-block-uagb-container uagb-block-2960f20a\">\n<div class=\"wp-block-uagb-container uagb-block-9dd8fbe8\">\n<div class=\"wp-block-uagb-info-box uagb-block-0c7c6aad uagb-infobox__content-wrap  uagb-infobox-icon-above-title uagb-infobox-image-valign-top\"><div class=\"uagb-ifb-content\"><div class=\"uagb-ifb-title-wrap\"><h3 class=\"uagb-ifb-title\">Diferentes \u00e1reas<\/h3><\/div><p class=\"uagb-ifb-desc\">In <strong>Pensamos Publicidad<\/strong>, buscamos personas din\u00e1micas y comprometidas para formar parte de nuestras campa\u00f1as. Ofrecemos vacantes en diversas \u00e1reas como log\u00edstica, activaciones de marca, reparto de volantes, operaci\u00f3n de carros valla y m\u00e1s.<br><br>Si te apasiona la publicidad y el marketing BTL, esta es tu oportunidad. \u00a1Post\u00falate y crece con nosotros!<\/p><\/div><\/div>\n<\/div>\n\n\n\n<div class=\"wp-block-uagb-container uagb-block-9cbcd92e\">\n<div class=\"wp-block-uagb-image uagb-block-c66a2dbd wp-block-uagb-image--layout-default wp-block-uagb-image--effect-static wp-block-uagb-image--align-none\"><figure class=\"wp-block-uagb-image__figure\"><img decoding=\"async\" srcset=\"https:\/\/pensamospublicidad.com\/wp-content\/uploads\/2025\/02\/6.jpeg ,https:\/\/pensamospublicidad.com\/wp-content\/uploads\/2025\/02\/6.jpeg 780w, https:\/\/pensamospublicidad.com\/wp-content\/uploads\/2025\/02\/6.jpeg 360w\" sizes=\"auto, (max-width: 480px) 150px\" src=\"https:\/\/pensamospublicidad.com\/wp-content\/uploads\/2025\/02\/6.jpeg\" alt=\"\" class=\"uag-image-342\" width=\"1305\" height=\"1600\" title=\"6\" loading=\"lazy\" role=\"img\"\/><\/figure><\/div>\n<\/div>\n\n\n\n<div class=\"wp-block-uagb-container uagb-block-1c40deff\">\n<div class=\"wp-block-uagb-image uagb-block-0138b8e3 wp-block-uagb-image--layout-default wp-block-uagb-image--effect-static wp-block-uagb-image--align-none\"><figure class=\"wp-block-uagb-image__figure\"><img decoding=\"async\" srcset=\"https:\/\/pensamospublicidad.com\/wp-content\/uploads\/2025\/02\/volateo.jpeg ,https:\/\/pensamospublicidad.com\/wp-content\/uploads\/2025\/02\/volateo.jpeg 780w, https:\/\/pensamospublicidad.com\/wp-content\/uploads\/2025\/02\/volateo.jpeg 360w\" sizes=\"auto, (max-width: 480px) 150px\" src=\"https:\/\/pensamospublicidad.com\/wp-content\/uploads\/2025\/02\/volateo.jpeg\" alt=\"\" class=\"uag-image-320\" width=\"960\" height=\"1280\" title=\"volateo\" loading=\"lazy\" role=\"img\"\/><\/figure><\/div>\n<\/div>\n<\/div>\n\n\n\n<div class=\"wp-block-uagb-buttons uagb-buttons__outer-wrap uagb-btn__default-btn uagb-btn-tablet__default-btn uagb-btn-mobile__default-btn uagb-block-047168da\"><div class=\"uagb-buttons__wrap uagb-buttons-layout-wrap\">\n<div class=\"wp-block-uagb-buttons-child uagb-buttons__outer-wrap uagb-block-445a6aab wp-block-button\"><div class=\"uagb-button__wrapper\"><a class=\"uagb-buttons-repeater wp-block-button__link\" aria-label=\"\" href=\"https:\/\/api.whatsapp.com\/send?phone=573103224962\" rel=\"follow noopener\" target=\"_self\" role=\"button\"><div class=\"uagb-button__link\">Whatsapp<\/div><span class=\"uagb-button__icon uagb-button__icon-position-after\"><svg xmlns=\"https:\/\/www.w3.org\/2000\/svg\" viewbox=\"0 0 448 512\" aria-hidden=\"true\" focussable=\"false\"><path d=\"M438.6 278.6l-160 160C272.4 444.9 264.2 448 256 448s-16.38-3.125-22.62-9.375c-12.5-12.5-12.5-32.75 0-45.25L338.8 288H32C14.33 288 .0016 273.7 .0016 256S14.33 224 32 224h306.8l-105.4-105.4c-12.5-12.5-12.5-32.75 0-45.25s32.75-12.5 45.25 0l160 160C451.1 245.9 451.1 266.1 438.6 278.6z\"><\/path><\/svg><\/span><\/a><\/div><\/div>\n<\/div><\/div>\n<\/div>\n<\/div><\/div>\n\n\n\n<div class=\"wp-block-uagb-container uagb-block-e947756a alignfull uagb-is-root-container\"><div class=\"uagb-container-inner-blocks-wrap\">\n<div class=\"wp-block-uagb-container uagb-block-afe08bf3\">\n<div class=\"wp-block-uagb-info-box uagb-block-252663dd uagb-infobox__content-wrap  uagb-infobox-icon-above-title uagb-infobox-image-valign-top\"><div class=\"uagb-ifb-content\"><div class=\"uagb-ifb-title-wrap\"><h2 class=\"uagb-ifb-title\">Find out more<\/h2><\/div><div class=\"uagb-ifb-separator\"><\/div><\/div><\/div>\n\n\n\n<div class=\"wp-block-uagb-container uagb-block-ff54988c\">\n<div class=\"wp-block-uagb-container uagb-block-e730558c\">\n<div class=\"wp-block-uagb-info-box uagb-block-fb947510 uagb-infobox__content-wrap  uagb-infobox-icon-above-title uagb-infobox-image-valign-top\"><div class=\"uagb-ifb-content\"><div class=\"uagb-ifb-title-wrap\"><h3 class=\"uagb-ifb-title\">Requirements:<\/h3><\/div><p class=\"uagb-ifb-desc\">\u2714\ufe0fBe over 18 years old.<br>\u2714\ufe0f Desire to learn and work as a team.<br>\u2714\ufe0f Availability for flexible hours.<br><br><br><\/p><\/div><\/div>\n<\/div>\n\n\n\n<div class=\"wp-block-uagb-container uagb-block-ce404ffa\">\n<p class=\"has-large-font-size\"><strong>We offer<\/strong><\/p>\n\n\n\n<div class=\"wp-block-uagb-info-box uagb-block-12c7cbbd uagb-infobox__content-wrap  uagb-infobox-icon-above-title uagb-infobox-image-valign-top\"><div class=\"uagb-ifb-content\"><div class=\"uagb-ifb-title-wrap\"><h5 class=\"uagb-ifb-title-prefix\">01.<\/h5><h4 class=\"uagb-ifb-title\">- Good working environment.<\/h4><\/div><\/div><\/div>\n\n\n\n<div class=\"wp-block-uagb-info-box uagb-block-c7272f74 uagb-infobox__content-wrap  uagb-infobox-icon-above-title uagb-infobox-image-valign-top\"><div class=\"uagb-ifb-content\"><div class=\"uagb-ifb-title-wrap\"><h5 class=\"uagb-ifb-title-prefix\">02.<\/h5><h4 class=\"uagb-ifb-title\">- Competitive payment<\/h4><\/div><\/div><\/div>\n\n\n\n<div class=\"wp-block-uagb-info-box uagb-block-1675e9f3 uagb-infobox__content-wrap  uagb-infobox-icon-above-title uagb-infobox-image-valign-top\"><div class=\"uagb-ifb-content\"><div class=\"uagb-ifb-title-wrap\"><h5 class=\"uagb-ifb-title-prefix\">03.<\/h5><h4 class=\"uagb-ifb-title\">- Opportunities for growth.<\/h4><\/div><\/div><\/div>\n<\/div>\n<\/div>\n<\/div>\n<\/div><\/div>\n\n\n\n<div class=\"wp-block-uagb-container uagb-block-34182bac alignfull uagb-is-root-container\"><div class=\"uagb-container-inner-blocks-wrap\"><\/div><\/div>","protected":false},"excerpt":{"rendered":"<p>We offer<\/p>","protected":false},"author":1,"featured_media":0,"parent":0,"menu_order":0,"comment_status":"closed","ping_status":"closed","template":"","meta":{"_uag_custom_page_level_css":"","_themeisle_gutenberg_block_has_review":false,"footnotes":""},"class_list":["post-50","page","type-page","status-publish","hentry"],"blocksy_meta":[],"uagb_featured_image_src":{"full":false,"thumbnail":false,"medium":false,"medium_large":false,"large":false,"1536x1536":false,"2048x2048":false,"trp-custom-language-flag":false},"uagb_author_info":{"display_name":"admin","author_link":"https:\/\/pensamospublicidad.com\/en\/author\/admin\/"},"uagb_comment_info":0,"uagb_excerpt":"Ofrecemos","_links":{"self":[{"href":"https:\/\/pensamospublicidad.com\/en\/wp-json\/wp\/v2\/pages\/50","targetHints":{"allow":["GET"]}}],"collection":[{"href":"https:\/\/pensamospublicidad.com\/en\/wp-json\/wp\/v2\/pages"}],"about":[{"href":"https:\/\/pensamospublicidad.com\/en\/wp-json\/wp\/v2\/types\/page"}],"author":[{"embeddable":true,"href":"https:\/\/pensamospublicidad.com\/en\/wp-json\/wp\/v2\/users\/1"}],"replies":[{"embeddable":true,"href":"https:\/\/pensamospublicidad.com\/en\/wp-json\/wp\/v2\/comments?post=50"}],"version-history":[{"count":15,"href":"https:\/\/pensamospublicidad.com\/en\/wp-json\/wp\/v2\/pages\/50\/revisions"}],"predecessor-version":[{"id":466,"href":"https:\/\/pensamospublicidad.com\/en\/wp-json\/wp\/v2\/pages\/50\/revisions\/466"}],"wp:attachment":[{"href":"https:\/\/pensamospublicidad.com\/en\/wp-json\/wp\/v2\/media?parent=50"}],"curies":[{"name":"wp","href":"https:\/\/api.w.org\/{rel}","templated":true}]}}