{"id":43,"date":"2025-02-17T15:47:42","date_gmt":"2025-02-17T15:47:42","guid":{"rendered":"https:\/\/pensamospublicidad.com\/?page_id=43"},"modified":"2025-02-25T20:43:25","modified_gmt":"2025-02-25T20:43:25","slug":"nosotros","status":"publish","type":"page","link":"https:\/\/pensamospublicidad.com\/en\/nosotros\/","title":{"rendered":"We"},"content":{"rendered":"<div class=\"wp-block-uagb-container uagb-block-3ad17e27 alignfull uagb-is-root-container\"><div class=\"uagb-container-inner-blocks-wrap\">\n<div class=\"wp-block-uagb-advanced-heading uagb-block-8a1eebc0\"><h1 class=\"uagb-heading-text\">Us<\/h1><\/div>\n<\/div><\/div>\n\n\n\n<div class=\"wp-block-uagb-container uag-blocks-common-selector uagb-block-1756e0cc alignfull uagb-is-root-container\"><div class=\"uagb-container-inner-blocks-wrap\">\n<div class=\"wp-block-uagb-info-box uagb-block-7d34615f uagb-infobox__content-wrap  uagb-infobox-icon-above-title uagb-infobox-image-valign-top\"><div class=\"uagb-ifb-content\"><div class=\"uagb-ifb-title-wrap\"><h6 class=\"uagb-ifb-title-prefix\">Pensamos Publicidad<\/h6><h2 class=\"uagb-ifb-title\">Who we are<\/h2><\/div><div class=\"uagb-ifb-separator\"><\/div><\/div><\/div>\n\n\n\n<div class=\"wp-block-uagb-advanced-heading uagb-block-952d2b1b\"><p class=\"uagb-desc-text\">In <strong>Pensamos Publicidad<\/strong>, we are experts in <strong>BTL advertising<\/strong> designed to generate memorable experiences and connect brands with their audience in a creative and effective way. With more than <strong>10 years of experience<\/strong> and presence at the <strong>National<\/strong>, we have carried out innovative campaigns to different sectors, offering impactful solutions in brand activations, corporate events, public street advertising and POP material.<br>Our passion is to transform ideas into experiences that leave a mark, providing our customers with effective tools to position themselves in the market.<\/p><div class=\"uagb-separator\"><\/div><\/div>\n\n\n\n<div class=\"wp-block-uagb-container uagb-block-d60434b8 alignfull uagb-is-root-container\"><div class=\"uagb-container-inner-blocks-wrap\">\n<div class=\"wp-block-group is-nowrap is-layout-flex wp-container-core-group-is-layout-6c531013 wp-block-group-is-layout-flex\">\n<div class=\"wp-block-uagb-container uagb-block-68c6d901\">\n<p class=\"has-medium-font-size\"><strong>Nuesta Misi\u00f3n<\/strong><\/p>\n\n\n\n<p class=\"has-medium-font-size\">Provide creative and effective solutions in BTL advertising, generating innovative experiences that impact and connect with the target audience. Through customized strategies, we seek to strengthen the brand identity of our customers, ensuring a national reach with quality, commitment and professionalism.<\/p>\n<\/div>\n\n\n\n<div class=\"wp-block-uagb-container uagb-block-f418b5ea\">\n<p class=\"has-medium-font-size\"><strong>Our Vision<\/strong><\/p>\n\n\n\n<p class=\"has-medium-font-size\">Be the leader in <strong>BTL advertising in Colombia<\/strong>, recognized for creativity, innovation and effectiveness in our strategies. We project ourselves as the strategic partner of brands that seek to differentiate themselves, offering high-impact services and expanding our coverage with increasingly cutting-edge solutions<\/p>\n<\/div>\n<\/div>\n<\/div><\/div>\n\n\n\n<div class=\"wp-block-uagb-container uag-blocks-common-selector uagb-block-ebaa6522\">\n<div class=\"wp-block-uagb-image uagb-block-163870a3 wp-block-uagb-image--layout-default wp-block-uagb-image--effect-static wp-block-uagb-image--align-none\"><figure class=\"wp-block-uagb-image__figure\"><img decoding=\"async\" srcset=\"https:\/\/pensamospublicidad.com\/wp-content\/uploads\/2025\/02\/Pensamos-contiautos-1024x768.jpeg ,https:\/\/pensamospublicidad.com\/wp-content\/uploads\/2025\/02\/Pensamos-contiautos.jpeg 780w, https:\/\/pensamospublicidad.com\/wp-content\/uploads\/2025\/02\/Pensamos-contiautos.jpeg 360w\" sizes=\"auto, (max-width: 480px) 150px\" src=\"https:\/\/pensamospublicidad.com\/wp-content\/uploads\/2025\/02\/Pensamos-contiautos-1024x768.jpeg\" alt=\"\" class=\"uag-image-211\" width=\"1024\" height=\"768\" title=\"Pensamos contiautos\" loading=\"lazy\" role=\"img\"\/><\/figure><\/div>\n<\/div>\n<\/div><\/div>\n\n\n\n<div class=\"wp-block-uagb-container uag-blocks-common-selector uagb-block-97762f89 alignfull uagb-is-root-container\"><div class=\"uagb-container-inner-blocks-wrap\"><\/div><\/div>\n\n\n\n<div class=\"wp-block-uagb-container uagb-block-95dfdde7 alignfull uagb-is-root-container\"><div class=\"uagb-container-inner-blocks-wrap\">\n<div class=\"wp-block-uagb-container uagb-block-3302537b\">\n<div class=\"wp-block-uagb-info-box uagb-block-60f46c42 uagb-infobox__content-wrap  uagb-infobox-icon-above-title uagb-infobox-image-valign-top wp-block-uagb-info-box--has-margin\"><div class=\"uagb-infobox-margin-wrapper\"><div class=\"uagb-ifb-content\"><div class=\"uagb-ifb-title-wrap\"><h5 class=\"uagb-ifb-title-prefix\">Pensamos Publicidad<\/h5><h1 class=\"uagb-ifb-title\"><em>At Pensamos Publicidad, we make your brand visible, heard and remembered.<\/em><\/h1><\/div><div class=\"uagb-ifb-button-wrapper wp-block-button\"><a href=\"#https:\/\/pensamospublicidad.com\/contacto\/\" class=\"uagb-infobox-cta-link wp-block-button__link\" target=\"_self\" rel=\"noopener noreferrer\" onclick=\"return true;\"><span class=\"uagb-inline-editing\">Contact<\/span><\/a><\/div><\/div><\/div><\/div>\n<\/div>\n<\/div><\/div>","protected":false},"excerpt":{"rendered":"<p>Nosotros En Pensamos Publicidad, somos expertos en estrategias de publicidad BTL dise\u00f1adas para generar experiencias memorables y conectar marcas con su audiencia de manera creativa y efectiva. Con m\u00e1s de 10 a\u00f1os de trayectoria y presencia a nivel nacional, hemos llevado campa\u00f1as innovadoras a diferentes sectores, ofreciendo soluciones impactantes en activaciones de marca, eventos empresariales, [&hellip;]<\/p>\n","protected":false},"author":1,"featured_media":0,"parent":0,"menu_order":0,"comment_status":"closed","ping_status":"closed","template":"","meta":{"_uag_custom_page_level_css":"","_themeisle_gutenberg_block_has_review":false,"footnotes":""},"class_list":["post-43","page","type-page","status-publish","hentry"],"blocksy_meta":[],"uagb_featured_image_src":{"full":false,"thumbnail":false,"medium":false,"medium_large":false,"large":false,"1536x1536":false,"2048x2048":false,"trp-custom-language-flag":false},"uagb_author_info":{"display_name":"admin","author_link":"https:\/\/pensamospublicidad.com\/en\/author\/admin\/"},"uagb_comment_info":0,"uagb_excerpt":"Nosotros En Pensamos Publicidad, somos expertos en estrategias de publicidad BTL dise\u00f1adas para generar experiencias memorables y conectar marcas con su audiencia de manera creativa y efectiva. Con m\u00e1s de 10 a\u00f1os de trayectoria y presencia a nivel nacional, hemos llevado campa\u00f1as innovadoras a diferentes sectores, ofreciendo soluciones impactantes en activaciones de marca, eventos empresariales,&hellip;","_links":{"self":[{"href":"https:\/\/pensamospublicidad.com\/en\/wp-json\/wp\/v2\/pages\/43","targetHints":{"allow":["GET"]}}],"collection":[{"href":"https:\/\/pensamospublicidad.com\/en\/wp-json\/wp\/v2\/pages"}],"about":[{"href":"https:\/\/pensamospublicidad.com\/en\/wp-json\/wp\/v2\/types\/page"}],"author":[{"embeddable":true,"href":"https:\/\/pensamospublicidad.com\/en\/wp-json\/wp\/v2\/users\/1"}],"replies":[{"embeddable":true,"href":"https:\/\/pensamospublicidad.com\/en\/wp-json\/wp\/v2\/comments?post=43"}],"version-history":[{"count":23,"href":"https:\/\/pensamospublicidad.com\/en\/wp-json\/wp\/v2\/pages\/43\/revisions"}],"predecessor-version":[{"id":463,"href":"https:\/\/pensamospublicidad.com\/en\/wp-json\/wp\/v2\/pages\/43\/revisions\/463"}],"wp:attachment":[{"href":"https:\/\/pensamospublicidad.com\/en\/wp-json\/wp\/v2\/media?parent=43"}],"curies":[{"name":"wp","href":"https:\/\/api.w.org\/{rel}","templated":true}]}}