{"id":135,"date":"2025-02-18T01:53:50","date_gmt":"2025-02-18T01:53:50","guid":{"rendered":"https:\/\/pensamospublicidad.com\/?page_id=135"},"modified":"2025-02-25T19:32:18","modified_gmt":"2025-02-25T19:32:18","slug":"blog","status":"publish","type":"page","link":"https:\/\/pensamospublicidad.com\/en\/blog\/","title":{"rendered":"BLOG"},"content":{"rendered":"<div class=\"wp-block-uagb-container uagb-block-a9de8738 alignfull uagb-is-root-container\"><div class=\"uagb-container-inner-blocks-wrap\">\n<div class=\"wp-block-uagb-advanced-heading uagb-block-44c41ad3\"><h1 class=\"uagb-heading-text\">Blog<\/h1><\/div>\n<\/div><\/div>\n\n\n\n<div class=\"wp-block-uagb-container uagb-block-6ff3adc4 alignfull uagb-is-root-container\"><div class=\"uagb-container-inner-blocks-wrap\">\n<div class=\"wp-block-uagb-advanced-heading uagb-block-bd3da16b\"><h2 class=\"uagb-heading-text\">Discover more<\/h2><p class=\"uagb-desc-text\">Welcome to the Blog of <strong>Pensamos Publicidad<\/strong>, the space where creativity and strategy meet to create unforgettable experiences. Here you will discover <strong>BTL advertising trends, brand activations, business events and visibility strategies<\/strong> that will make your brand stand out in a competitive market.<\/p><\/div>\n\n\n\n\t\t\t<div class=\"wp-block-uagb-post-grid uagb-post-grid  uagb-post__image-position-top uagb-post__image-enabled uagb-block-c3c5e18d     uagb-post__items uagb-post__columns-3 is-grid uagb-post__columns-tablet-2 uagb-post__columns-mobile-1 uagb-post__equal-height\" data-total=\"1\" style=\"\">\n\n\t\t\t\t\t\t\t\t\t\t\t\t<article class=\"uagb-post__inner-wrap\">\t\t\t\t\t\t\t\t<div class='uagb-post__image'>\n\t\t\t\t\t\t\t\t\t<a href=\"https:\/\/pensamospublicidad.com\/en\/uncategorized\/home\/\" target=\"_self\" rel=\"bookmark noopener noreferrer\" class='uagb-image-ratio-2-3'><img loading=\"lazy\" decoding=\"async\" width=\"1024\" height=\"768\" src=\"https:\/\/pensamospublicidad.com\/wp-content\/uploads\/2025\/02\/Pensamos-contiautos-1024x768.jpeg\" class=\"attachment-large size-large\" alt=\"\" srcset=\"https:\/\/pensamospublicidad.com\/wp-content\/uploads\/2025\/02\/Pensamos-contiautos-1024x768.jpeg 1024w, https:\/\/pensamospublicidad.com\/wp-content\/uploads\/2025\/02\/Pensamos-contiautos-300x225.jpeg 300w, https:\/\/pensamospublicidad.com\/wp-content\/uploads\/2025\/02\/Pensamos-contiautos-768x576.jpeg 768w, https:\/\/pensamospublicidad.com\/wp-content\/uploads\/2025\/02\/Pensamos-contiautos-1536x1152.jpeg 1536w, https:\/\/pensamospublicidad.com\/wp-content\/uploads\/2025\/02\/Pensamos-contiautos-16x12.jpeg 16w, https:\/\/pensamospublicidad.com\/wp-content\/uploads\/2025\/02\/Pensamos-contiautos.jpeg 1600w\" sizes=\"auto, (max-width: 1024px) 100vw, 1024px\" \/>\t\t\t\t\t<\/a>\n\t\t\t\t\t\t\t<\/div>\n\t\t\t\t\t\t<h4 class=\"uagb-post__title uagb-post__text\">\n\t\t\t\t<a href=\"https:\/\/pensamospublicidad.com\/en\/uncategorized\/home\/\" target=\"_self\" rel=\"bookmark noopener noreferrer\">BTL Advertising: The Key to Impacting Your Audience<\/a>\n\t\t\t<\/h4>\n\t\t\t\t\t\t<div class='uagb-post__text uagb-post-grid-byline'>\n\t\t\t\t\t\t\t\t<span class=\"uagb-post__author\">\n\t\t\t\t\t\t\t\t\t<a href=\"https:\/\/pensamospublicidad.com\/en\/author\/admin\/\" title=\"Posts by admin\" rel=\"author\">admin<\/a>\t\t\t\t<\/span>\n\t\t\t\t\t\t\t<time datetime=\"2025-02-18T00:10:57+00:00\" class=\"uagb-post__date\">\n\t\t\t\t\t\t\t\t\tFebruary 18, 2025\t\t\t\t<\/time>\n\t\t\t\t\t\t<\/div>\n\t\t\t\t\t\t\t<div class='uagb-post__text uagb-post__excerpt'>\n\t\t\t\t\t<p>In a world saturated with digital information and advertising, brands are looking for new ways to...\t\t\t\t<\/div>\n\t\t\t\t\t\t<div class=\"uagb-post__text uagb-post__cta wp-block-button\">\n\t\t\t\t<a class=\"wp-block-button__link uagb-text-link\" style=\"\" href=\"https:\/\/pensamospublicidad.com\/en\/uncategorized\/home\/\" target=\"_self\" rel=\"bookmark noopener noreferrer\">Read More<\/a>\n\t\t\t<\/div>\n\t\t\t\n\t\t\t\t\t\t\t\t\t<\/article>\n\t\t\t\t\t\t\t\t\t\t\t<\/div>\n\t\t\t<\/div><\/div>","protected":false},"excerpt":{"rendered":"<p>Blog Descubre m\u00e1s Bienvenido al blog de Pensamos Publicidad, el espacio donde la creatividad y la estrategia se encuentran para generar experiencias inolvidables. Aqu\u00ed descubrir\u00e1s tendencias en publicidad BTL, activaciones de marca, eventos empresariales y estrategias de visibilidad que har\u00e1n que tu marca destaque en un mercado competitivo.<\/p>","protected":false},"author":1,"featured_media":0,"parent":0,"menu_order":0,"comment_status":"closed","ping_status":"closed","template":"","meta":{"_uag_custom_page_level_css":"","_themeisle_gutenberg_block_has_review":false,"footnotes":""},"class_list":["post-135","page","type-page","status-publish","hentry"],"blocksy_meta":[],"uagb_featured_image_src":{"full":false,"thumbnail":false,"medium":false,"medium_large":false,"large":false,"1536x1536":false,"2048x2048":false,"trp-custom-language-flag":false},"uagb_author_info":{"display_name":"admin","author_link":"https:\/\/pensamospublicidad.com\/en\/author\/admin\/"},"uagb_comment_info":0,"uagb_excerpt":"Blog Descubre m\u00e1s Bienvenido al blog de Pensamos Publicidad, el espacio donde la creatividad y la estrategia se encuentran para generar experiencias inolvidables. Aqu\u00ed descubrir\u00e1s tendencias en publicidad BTL, activaciones de marca, eventos empresariales y estrategias de visibilidad que har\u00e1n que tu marca destaque en un mercado competitivo.","_links":{"self":[{"href":"https:\/\/pensamospublicidad.com\/en\/wp-json\/wp\/v2\/pages\/135","targetHints":{"allow":["GET"]}}],"collection":[{"href":"https:\/\/pensamospublicidad.com\/en\/wp-json\/wp\/v2\/pages"}],"about":[{"href":"https:\/\/pensamospublicidad.com\/en\/wp-json\/wp\/v2\/types\/page"}],"author":[{"embeddable":true,"href":"https:\/\/pensamospublicidad.com\/en\/wp-json\/wp\/v2\/users\/1"}],"replies":[{"embeddable":true,"href":"https:\/\/pensamospublicidad.com\/en\/wp-json\/wp\/v2\/comments?post=135"}],"version-history":[{"count":6,"href":"https:\/\/pensamospublicidad.com\/en\/wp-json\/wp\/v2\/pages\/135\/revisions"}],"predecessor-version":[{"id":467,"href":"https:\/\/pensamospublicidad.com\/en\/wp-json\/wp\/v2\/pages\/135\/revisions\/467"}],"wp:attachment":[{"href":"https:\/\/pensamospublicidad.com\/en\/wp-json\/wp\/v2\/media?parent=135"}],"curies":[{"name":"wp","href":"https:\/\/api.w.org\/{rel}","templated":true}]}}